{"id":15676,"date":"2023-10-18T12:55:34","date_gmt":"2023-10-18T10:55:34","guid":{"rendered":"https:\/\/www.lechaidesgrandsvins.com\/une-institution-bordelaise\/"},"modified":"2025-02-25T14:47:15","modified_gmt":"2025-02-25T13:47:15","slug":"une-institution-bordelaise","status":"publish","type":"page","link":"https:\/\/www.lechaidesgrandsvins.com\/en\/","title":{"rendered":"Home"},"content":{"rendered":"","protected":false},"excerpt":{"rendered":"","protected":false},"author":1,"featured_media":0,"parent":0,"menu_order":0,"comment_status":"closed","ping_status":"closed","template":"tpl-flex.php","meta":{"_acf_changed":false,"footnotes":""},"class_list":["post-15676","page","type-page","status-publish","hentry"],"acf":[],"yoast_head":"<!-- This site is optimized with the Yoast SEO plugin v27.3 - https:\/\/yoast.com\/product\/yoast-seo-wordpress\/ -->\n<title>Le Chai des Grands Vins &#8226; Un lieu unique \u00e0 Bruxelles : deux \u00e9tages et plus de 2 000 r\u00e9f\u00e9rences consacr\u00e9es au meilleur des vins, champagnes et spiritueux.<\/title>\n<meta name=\"description\" content=\"One of a kind in Brussels: Over 2,000 labels covering two floors dedicated to the best wines, champagnes and spirits.\" \/>\n<meta name=\"robots\" content=\"index, follow, max-snippet:-1, max-image-preview:large, max-video-preview:-1\" \/>\n<link rel=\"canonical\" href=\"https:\/\/www.lechaidesgrandsvins.com\/en\/\" \/>\n<meta property=\"og:locale\" content=\"en_US\" \/>\n<meta property=\"og:type\" content=\"article\" \/>\n<meta property=\"og:title\" content=\"Le Chai des Grands Vins &#8226; Un lieu unique \u00e0 Bruxelles : deux \u00e9tages et plus de 2 000 r\u00e9f\u00e9rences consacr\u00e9es au meilleur des vins, champagnes et spiritueux.\" \/>\n<meta property=\"og:description\" content=\"One of a kind in Brussels: Over 2,000 labels covering two floors dedicated to the best wines, champagnes and spirits.\" \/>\n<meta property=\"og:url\" content=\"https:\/\/www.lechaidesgrandsvins.com\/en\/\" \/>\n<meta property=\"og:site_name\" content=\"Le Chai des Grands Vins\" \/>\n<meta property=\"article:modified_time\" content=\"2025-02-25T13:47:15+00:00\" \/>\n<meta property=\"og:image\" content=\"https:\/\/www.lechaidesgrandsvins.com\/wp-content\/uploads\/2024\/09\/CDGV_Photo-accueil-1.jpg\" \/>\n\t<meta property=\"og:image:width\" content=\"1920\" \/>\n\t<meta property=\"og:image:height\" content=\"1294\" \/>\n\t<meta property=\"og:image:type\" content=\"image\/jpeg\" \/>\n<meta name=\"twitter:card\" content=\"summary_large_image\" \/>\n<meta name=\"twitter:label1\" content=\"Est. reading time\" \/>\n\t<meta name=\"twitter:data1\" content=\"6 minutes\" \/>\n<script type=\"application\/ld+json\" class=\"yoast-schema-graph\">{\"@context\":\"https:\\\/\\\/schema.org\",\"@graph\":[{\"@type\":\"WebPage\",\"@id\":\"https:\\\/\\\/www.lechaidesgrandsvins.com\\\/en\\\/\",\"url\":\"https:\\\/\\\/www.lechaidesgrandsvins.com\\\/en\\\/\",\"name\":\"Le Chai des Grands Vins &#8226; Un lieu unique \u00e0 Bruxelles : deux \u00e9tages et plus de 2 000 r\u00e9f\u00e9rences consacr\u00e9es au meilleur des vins, champagnes et spiritueux.\",\"isPartOf\":{\"@id\":\"https:\\\/\\\/www.lechaidesgrandsvins.com\\\/#website\"},\"datePublished\":\"2023-10-18T10:55:34+00:00\",\"dateModified\":\"2025-02-25T13:47:15+00:00\",\"description\":\"One of a kind in Brussels: Over 2,000 labels covering two floors dedicated to the best wines, champagnes and spirits.\",\"breadcrumb\":{\"@id\":\"https:\\\/\\\/www.lechaidesgrandsvins.com\\\/en\\\/#breadcrumb\"},\"inLanguage\":\"en-US\",\"potentialAction\":[{\"@type\":\"ReadAction\",\"target\":[\"https:\\\/\\\/www.lechaidesgrandsvins.com\\\/en\\\/\"]}]},{\"@type\":\"BreadcrumbList\",\"@id\":\"https:\\\/\\\/www.lechaidesgrandsvins.com\\\/en\\\/#breadcrumb\",\"itemListElement\":[{\"@type\":\"ListItem\",\"position\":1,\"name\":\"Accueil\",\"item\":\"https:\\\/\\\/www.lechaidesgrandsvins.com\\\/en\\\/\"},{\"@type\":\"ListItem\",\"position\":2,\"name\":\"Home\"}]},{\"@type\":\"WebSite\",\"@id\":\"https:\\\/\\\/www.lechaidesgrandsvins.com\\\/#website\",\"url\":\"https:\\\/\\\/www.lechaidesgrandsvins.com\\\/\",\"name\":\"Le Chai des Grands Vins\",\"description\":\"Un lieu unique \u00e0 Bruxelles  : deux \u00e9tages et plus de 2 000 r\u00e9f\u00e9rences consacr\u00e9es au meilleur des vins, champagnes et spiritueux.\",\"publisher\":{\"@id\":\"https:\\\/\\\/www.lechaidesgrandsvins.com\\\/#organization\"},\"potentialAction\":[{\"@type\":\"SearchAction\",\"target\":{\"@type\":\"EntryPoint\",\"urlTemplate\":\"https:\\\/\\\/www.lechaidesgrandsvins.com\\\/?s={search_term_string}\"},\"query-input\":{\"@type\":\"PropertyValueSpecification\",\"valueRequired\":true,\"valueName\":\"search_term_string\"}}],\"inLanguage\":\"en-US\"},{\"@type\":\"Organization\",\"@id\":\"https:\\\/\\\/www.lechaidesgrandsvins.com\\\/#organization\",\"name\":\"Le Chai des Grands Vins\",\"url\":\"https:\\\/\\\/www.lechaidesgrandsvins.com\\\/\",\"logo\":{\"@type\":\"ImageObject\",\"inLanguage\":\"en-US\",\"@id\":\"https:\\\/\\\/www.lechaidesgrandsvins.com\\\/#\\\/schema\\\/logo\\\/image\\\/\",\"url\":\"https:\\\/\\\/www.lechaidesgrandsvins.com\\\/wp-content\\\/uploads\\\/2024\\\/09\\\/Logo-Chai-Des-Grands-Vins-Couleur-4.svg\",\"contentUrl\":\"https:\\\/\\\/www.lechaidesgrandsvins.com\\\/wp-content\\\/uploads\\\/2024\\\/09\\\/Logo-Chai-Des-Grands-Vins-Couleur-4.svg\",\"width\":\"1024\",\"height\":\"1024\",\"caption\":\"Le Chai des Grands Vins\"},\"image\":{\"@id\":\"https:\\\/\\\/www.lechaidesgrandsvins.com\\\/#\\\/schema\\\/logo\\\/image\\\/\"}}]}<\/script>\n<!-- \/ Yoast SEO plugin. -->","yoast_head_json":{"title":"Le Chai des Grands Vins &#8226; Un lieu unique \u00e0 Bruxelles : deux \u00e9tages et plus de 2 000 r\u00e9f\u00e9rences consacr\u00e9es au meilleur des vins, champagnes et spiritueux.","description":"One of a kind in Brussels: Over 2,000 labels covering two floors dedicated to the best wines, champagnes and spirits.","robots":{"index":"index","follow":"follow","max-snippet":"max-snippet:-1","max-image-preview":"max-image-preview:large","max-video-preview":"max-video-preview:-1"},"canonical":"https:\/\/www.lechaidesgrandsvins.com\/en\/","og_locale":"en_US","og_type":"article","og_title":"Le Chai des Grands Vins &#8226; Un lieu unique \u00e0 Bruxelles : deux \u00e9tages et plus de 2 000 r\u00e9f\u00e9rences consacr\u00e9es au meilleur des vins, champagnes et spiritueux.","og_description":"One of a kind in Brussels: Over 2,000 labels covering two floors dedicated to the best wines, champagnes and spirits.","og_url":"https:\/\/www.lechaidesgrandsvins.com\/en\/","og_site_name":"Le Chai des Grands Vins","article_modified_time":"2025-02-25T13:47:15+00:00","og_image":[{"width":1920,"height":1294,"url":"https:\/\/www.lechaidesgrandsvins.com\/wp-content\/uploads\/2024\/09\/CDGV_Photo-accueil-1.jpg","type":"image\/jpeg"}],"twitter_card":"summary_large_image","twitter_misc":{"Est. reading time":"6 minutes"},"schema":{"@context":"https:\/\/schema.org","@graph":[{"@type":"WebPage","@id":"https:\/\/www.lechaidesgrandsvins.com\/en\/","url":"https:\/\/www.lechaidesgrandsvins.com\/en\/","name":"Le Chai des Grands Vins &#8226; Un lieu unique \u00e0 Bruxelles : deux \u00e9tages et plus de 2 000 r\u00e9f\u00e9rences consacr\u00e9es au meilleur des vins, champagnes et spiritueux.","isPartOf":{"@id":"https:\/\/www.lechaidesgrandsvins.com\/#website"},"datePublished":"2023-10-18T10:55:34+00:00","dateModified":"2025-02-25T13:47:15+00:00","description":"One of a kind in Brussels: Over 2,000 labels covering two floors dedicated to the best wines, champagnes and spirits.","breadcrumb":{"@id":"https:\/\/www.lechaidesgrandsvins.com\/en\/#breadcrumb"},"inLanguage":"en-US","potentialAction":[{"@type":"ReadAction","target":["https:\/\/www.lechaidesgrandsvins.com\/en\/"]}]},{"@type":"BreadcrumbList","@id":"https:\/\/www.lechaidesgrandsvins.com\/en\/#breadcrumb","itemListElement":[{"@type":"ListItem","position":1,"name":"Accueil","item":"https:\/\/www.lechaidesgrandsvins.com\/en\/"},{"@type":"ListItem","position":2,"name":"Home"}]},{"@type":"WebSite","@id":"https:\/\/www.lechaidesgrandsvins.com\/#website","url":"https:\/\/www.lechaidesgrandsvins.com\/","name":"Le Chai des Grands Vins","description":"Un lieu unique \u00e0 Bruxelles  : deux \u00e9tages et plus de 2 000 r\u00e9f\u00e9rences consacr\u00e9es au meilleur des vins, champagnes et spiritueux.","publisher":{"@id":"https:\/\/www.lechaidesgrandsvins.com\/#organization"},"potentialAction":[{"@type":"SearchAction","target":{"@type":"EntryPoint","urlTemplate":"https:\/\/www.lechaidesgrandsvins.com\/?s={search_term_string}"},"query-input":{"@type":"PropertyValueSpecification","valueRequired":true,"valueName":"search_term_string"}}],"inLanguage":"en-US"},{"@type":"Organization","@id":"https:\/\/www.lechaidesgrandsvins.com\/#organization","name":"Le Chai des Grands Vins","url":"https:\/\/www.lechaidesgrandsvins.com\/","logo":{"@type":"ImageObject","inLanguage":"en-US","@id":"https:\/\/www.lechaidesgrandsvins.com\/#\/schema\/logo\/image\/","url":"https:\/\/www.lechaidesgrandsvins.com\/wp-content\/uploads\/2024\/09\/Logo-Chai-Des-Grands-Vins-Couleur-4.svg","contentUrl":"https:\/\/www.lechaidesgrandsvins.com\/wp-content\/uploads\/2024\/09\/Logo-Chai-Des-Grands-Vins-Couleur-4.svg","width":"1024","height":"1024","caption":"Le Chai des Grands Vins"},"image":{"@id":"https:\/\/www.lechaidesgrandsvins.com\/#\/schema\/logo\/image\/"}}]}},"_links":{"self":[{"href":"https:\/\/www.lechaidesgrandsvins.com\/en\/wp-json\/wp\/v2\/pages\/15676","targetHints":{"allow":["GET"]}}],"collection":[{"href":"https:\/\/www.lechaidesgrandsvins.com\/en\/wp-json\/wp\/v2\/pages"}],"about":[{"href":"https:\/\/www.lechaidesgrandsvins.com\/en\/wp-json\/wp\/v2\/types\/page"}],"author":[{"embeddable":true,"href":"https:\/\/www.lechaidesgrandsvins.com\/en\/wp-json\/wp\/v2\/users\/1"}],"replies":[{"embeddable":true,"href":"https:\/\/www.lechaidesgrandsvins.com\/en\/wp-json\/wp\/v2\/comments?post=15676"}],"version-history":[{"count":5,"href":"https:\/\/www.lechaidesgrandsvins.com\/en\/wp-json\/wp\/v2\/pages\/15676\/revisions"}],"predecessor-version":[{"id":16016,"href":"https:\/\/www.lechaidesgrandsvins.com\/en\/wp-json\/wp\/v2\/pages\/15676\/revisions\/16016"}],"wp:attachment":[{"href":"https:\/\/www.lechaidesgrandsvins.com\/en\/wp-json\/wp\/v2\/media?parent=15676"}],"curies":[{"name":"wp","href":"https:\/\/api.w.org\/{rel}","templated":true}]}}