{"id":15888,"date":"2023-11-24T00:20:29","date_gmt":"2023-11-23T23:20:29","guid":{"rendered":"https:\/\/www.lechaidesgrandsvins.com\/politique-confidentialite\/"},"modified":"2024-12-04T11:48:52","modified_gmt":"2024-12-04T10:48:52","slug":"pricavy-policy","status":"publish","type":"page","link":"https:\/\/www.lechaidesgrandsvins.com\/en\/pricavy-policy\/","title":{"rendered":"Privacy Policy"},"content":{"rendered":"<h2>About us<\/h2>\n<p>Chai &amp; Bar is a public limited company having its registered office at Chauss\u00e9e de Waterloo 1469 \u2013 1180 Uccle \u2013 VAT number: BE0873.102.740. Via its website\u00a0<a href=\"http:\/\/www.lechaidesgrandsvins.com\">www.lechaidesgrandsvins.com<\/a>\u00a0, (hereinafter referred to as the \u201cWebsite\u201d) the company\u2019s activity consists in presenting online the ranges, offers and events of its store located at 1469 chauss\u00e9e de Waterloo in Brussels (hereinafter referred to as the \u201cStore\u201d).<\/p>\n<p>The terms \u201cLe Chai des Grands Vins\u201d, \u201cwe\u201d, \u201cour\u201d and \u201cus\u201d refer to Le Chai des Grands Vins, in its capacity as data controller for personal data collected as part of your experience on our Website and in the Store when you make a purchase.<\/p>\n<p>We value your privacy and strive to ensure the confidentiality of your personal data. We have developed this privacy statement to provide you with information on our policies and practices with regard to the use of your personal data.<\/p>\n<h2>Definitions<\/h2>\n<p><strong>Personal data<\/strong>: refers to any data relating to an identified or identifiable natural person (hereinafter referred to as \u201cdata subject\u201d).<\/p>\n<p><strong>Processing:<\/strong> refers to any operation or set of operations which is performed on personal data or on sets of personal data, whether or not by automated means, such as collection, recording, organisation, structuring, storage, adaptation or alteration, retrieval, consultation, use, disclosure by transmission, dissemination or otherwise making available, alignment or combination, restriction, erasure or destruction.<\/p>\n<p><strong>Data controller:<\/strong> refers to the natural or legal person, the public authority, service or other body which, whether alone or jointly with others, determines the purposes and means for the processing.<\/p>\n<p><strong>Processor (or service provider):<\/strong> refers to a natural or legal person, public authority, agency or other body, which processes personal data on behalf of the data controller.<\/p>\n<h2>Collected personal data<\/h2>\n<p>All personal data we collect is directly provided by you on our Website, with the exception of data collected by cookies, according to your preferences.<\/p>\n<h3>Data provided by you during your visit to our Website<\/h3>\n<p>When you browse and use our Website, we may ask you to provide personal data, depending on the services you wish to use, namely:<\/p>\n<ul>\n<li>When you submit a request for information and\/or a catalogue;<\/li>\n<li>When you subscribe to our newsletter;<\/li>\n<li>When you sign up for our private events.<\/li>\n<\/ul>\n<p>Depending on the service you wish to use, the personal data you provide may be as follows:<\/p>\n<ul>\n<li>Your identity (first name, last name);<\/li>\n<li>Your contact information (email);<\/li>\n<li>Any other information you may provide when filling out a contact form or any comments field.<\/li>\n<\/ul>\n<p>When marked as required, your personal data is necessary to process your request, depending on the service requested. If you do not provide the data, we may not, for example, be able to process your order or respond to your request.<\/p>\n<h3>Data you provide during your in-Store experience<\/h3>\n<p>When you visit the Store to make a purchase, our team may collect your personal data.<\/p>\n<p>The personal data you provide may include the following:<\/p>\n<p>your identity (first name, last name);<\/p>\n<p>your contact information (email, postal address);<\/p>\n<p>your bank details.<\/p>\n<ul>\n<li><strong>Information on the collection of banking data<\/strong><\/li>\n<\/ul>\n<p>When it is provided, banking data is collected through remote payment solutions made available by our processors and is under no circumstance transferred to or stored by Chai des Grands Vins. Moreover, we pay particular attention to the guarantees produced by the processors we select. Specifically, we make sure that all the technical and organisational measures are implemented to ensure the security and confidentiality of the processed data.<\/p>\n<ul>\n<li><strong>Information on the collection of email addresses for sending electronic receipts (e-receipt)<\/strong><\/li>\n<\/ul>\n<p>At your request, we can issue an e-receipt and send it to the email address you provided. For this purpose, your email address is not stored by Chai des Grands Vins and will not be processed for any other purpose other than issuing a receipt related to your purchase.<\/p>\n<ul>\n<li><strong>Information on the collection of data related to your proof of identity<\/strong><\/li>\n<\/ul>\n<p>You will be asked to show proof of identity to pick up your order from the Store. Depending on the value of the order, our team members may make a copy of your proof of identity, or collect the number or any other information that may be useful in the event of a subsequent dispute related to the collection of your order.<\/p>\n<h3>Cookies<\/h3>\n<p>We may use cookies or any similar technologies placed on your device, to collect data. Some cookies are essential for Website functionality and enhance your user experience.<\/p>\n<p>When you visit our Website, we inform you that cookies may be placed on your device. You are free to accept or reject them, according to the type of cookie. For more information on cookies and to manage your preferences at all times, please refer to\u00a0<a href=\"http:\/\/www.badie.com\/politique-des-cookies\/\">our cookie policy<\/a>.<\/p>\n<h2>Processing collected personal data<\/h2>\n<p>The personal data we collect is processed on the following legal basis:<\/p>\n<ul>\n<li>We have, when required by regulations in force, obtained your prior consent \u2013 revocable at any time \u2013 notably when you subscribe to our newsletter;<\/li>\n<li>Processing is necessary for the performance of a contract, particularly when you sign up for a private event on the Website or purchase our products in the Store;<\/li>\n<li>Processing is necessary for our compliance with a legal obligation \u2013 particularly when you exercise your rights, as set forth hereafter;<\/li>\n<li>Processing is necessary for the purposes of our legitimate interests, which are not overridden by your interests or fundamental rights particularly when you make a purchase and we send you similar offers which may be of interest to you.<\/li>\n<\/ul>\n<p>Your personal data is processed for no longer than is necessary (i) in relation to the purpose for which it was collected (ii) for compliance with legal and regulatory obligations and (iii) for the establishment, exercise or defence of legal claims.<\/p>\n<h2>Recipients of collected personal data<\/h2>\n<p>To fulfil the purpose for which it was collected, the data gathered on our Website or in-Store may be shared with the following parties:<\/p>\n<ul>\n<li>Authorised personnel of Chai des Grands Vins,<\/li>\n<li>Where applicable, our delivery provider when you choose to use this service,<\/li>\n<li>Where applicable, our provider for remote payment,<\/li>\n<li>If the case arises, relevant jurisdictions, mediators, certified public accountants, auditors, lawyers, bailiffs, debt collection companies,<\/li>\n<li>Where applicable, third parties who may drop cookies.<\/li>\n<li>Any authorised provider and particularly software, hosting and email deployment solution providers\u2026<\/li>\n<\/ul>\n<p>No data will be disclosed to any other third party whatsoever. No data is transferred outside the European Economic Area.<\/p>\n<h2>Your rights with respect to your personal data<\/h2>\n<p>According to the regulations in force, you have the right to access, rectify, erase, restrict your data, give instructions relating to your data and object on legitimate grounds.<\/p>\n<p>You can exercise these rights by sending a letter to the following address: Chai &amp; Bar &#8211; Le Chai des Grands Vins \u2013 1469 chauss\u00e9e de Waterloo \u2013 Brussels or by email at the following address: rgpd@videlot.com<\/p>\n<p>Once your request has been processed, if you feel that your rights with respect to your personal data are being infringed upon, you can <u>address a complaint to the data protection authority CNIL (Commission Nationale de l\u2019Informatique et des Libert\u00e9s)<\/u><\/p>\n<h2>Security<\/h2>\n<p>We implement the appropriate measures to ensure the security and confidentiality of your personal data, and particularly the application of the following technical and organisational measures:<\/p>\n<p>Le Chai des Grands Vins staff with access to your data are made aware of the risks related to the security of your personal data. A user authentication system as well as an accreditation system for individuals authorised to handle the data have been implemented.<\/p>\n<p>All personal data processing is performed within the European Economic Area. The data is stored on servers located in the European Economic Area; the installations are secure and designed to protect against any reasonably foreseeable incident. Access is secure and restricted to authorised personnel. Regular data backups are performed and solutions for a continuous supply of power are ensured in the event of a power failure.<\/p>\n<p>When data is transferred to a provider outside the European Economic Area, we will take the steps necessary to ensure said provider is located in a Country deemed to offer an adequate level of data protection or the provider can produce the appropriate guarantees for the security and management of data transfer.<\/p>\n<p>In the event of a personal data breach, a procedure is in place to document the breach with the facts needed to inform the supervisory authority when appropriate.<\/p>\n<h2>Changes to this privacy policy<\/h2>\n<p>Except in the event of a fundamental change to our practices, we may make changes to this policy from time to time, without notifying you. We therefore recommend that you regularly review its content.<\/p>\n<h2>Cookies Policy<\/h2>\n<p>A cookie is a small data file (text file), a tracker, placed on your device (computer, tablet, smartphone, etc.\u2026) when you visit a website, read an email, install or use software or a mobile application etc.\u2026 Cookies are used to collect information on how you use the website and therefore personalise your experience.<\/p>\n<p>This policy has been designed to provide you with all the necessary information on how we use the cookies, as well as the data collected by them.<\/p>\n<p>This policy is subject to change at any time, particularly in response to changes to regulations and\/or practices relating to cookies.<\/p>\n<h2>Managing cookies<\/h2>\n<p>To manage your cookie consent settings and find more information about the cookies present on our website, please browse the Axeptio module.<\/p>\n<p><a style=\"text-decoration: underline;\">Click here to change your cookie settings.<\/a><\/p>\n<p>A list of the categories of cookies used on this website is set out below:<\/p>\n<p><strong>Technical and strictly necessary cookies essential for website functionality (required)<\/strong><\/p>\n<p>These cookies are deposited to guarantee the correct use of the site\u2019s functionalities and services. They may also be essential to access personalised content or respond to a user\u2019s specific request to use a particular function provided by the website.<\/p>\n<p><strong>Functionality cookies<\/strong><\/p>\n<p>These cookies are deposited to support additional functionality on the website. They may be deposited by us or by third parties who provide services used on the website.<\/p>\n<p><strong>Statistical cookies<\/strong><\/p>\n<p>These cookies are used to generate statistics on the website\u2019s volume of visits. The analysis of these statistics enables us to continually improve the user experience.<\/p>\n<p><strong>Data collected by cookies<\/strong><\/p>\n<p>The following data is collected by cookies:<\/p>\n<ul>\n<li>Identification data (anonymized IP address, user ID, session ID);<\/li>\n<li>Analytical data (browser, number of pages viewed, user browsing, time spent\u2026)<\/li>\n<li>Data on tracking consent or use of data.<\/li>\n<\/ul>\n<p><strong>Retention period<\/strong><\/p>\n<p>The cookies have a lifespan on your device of a maximum of thirteen months.<br \/>\nThe data collected by the cookies is retained for a maximum of twenty-five months from the time it is collected on your device.<\/p>\n","protected":false},"excerpt":{"rendered":"About us Chai &amp; Bar is a public limited company having its registered office at Chauss\u00e9e de Waterloo 1469 \u2013 1180 Uccle \u2013 VAT number: BE0873.102.740. Via its website\u00a0www.lechaidesgrandsvins.com\u00a0, (hereinafter referred to as the \u201cWebsite\u201d) the company\u2019s activity consists in presenting online the ranges, offers and events of its store located at 1469 chauss\u00e9e de [&hellip;]","protected":false},"author":1,"featured_media":0,"parent":0,"menu_order":0,"comment_status":"closed","ping_status":"closed","template":"","meta":{"_acf_changed":false,"footnotes":""},"class_list":["post-15888","page","type-page","status-publish","hentry"],"acf":[],"yoast_head":"<!-- This site is optimized with the Yoast SEO plugin v27.5 - https:\/\/yoast.com\/product\/yoast-seo-wordpress\/ -->\n<title>Privacy Policy &#8226; Le Chai des Grands Vins<\/title>\n<meta name=\"robots\" content=\"index, follow, max-snippet:-1, max-image-preview:large, max-video-preview:-1\" \/>\n<link rel=\"canonical\" href=\"https:\/\/www.lechaidesgrandsvins.com\/en\/pricavy-policy\/\" \/>\n<meta property=\"og:locale\" content=\"en_US\" \/>\n<meta property=\"og:type\" content=\"article\" \/>\n<meta property=\"og:title\" content=\"Privacy Policy &#8226; Le Chai des Grands Vins\" \/>\n<meta property=\"og:description\" content=\"About us Chai &amp; Bar is a public limited company having its registered office at Chauss\u00e9e de Waterloo 1469 \u2013 1180 Uccle \u2013 VAT number: BE0873.102.740. Via its website\u00a0www.lechaidesgrandsvins.com\u00a0, (hereinafter referred to as the \u201cWebsite\u201d) the company\u2019s activity consists in presenting online the ranges, offers and events of its store located at 1469 chauss\u00e9e de [&hellip;]\" \/>\n<meta property=\"og:url\" content=\"https:\/\/www.lechaidesgrandsvins.com\/en\/pricavy-policy\/\" \/>\n<meta property=\"og:site_name\" content=\"Le Chai des Grands Vins\" \/>\n<meta property=\"article:modified_time\" content=\"2024-12-04T10:48:52+00:00\" \/>\n<meta property=\"og:image\" content=\"https:\/\/www.lechaidesgrandsvins.com\/wp-content\/uploads\/2024\/09\/CDGV_Photo-accueil-1.jpg\" \/>\n\t<meta property=\"og:image:width\" content=\"1920\" \/>\n\t<meta property=\"og:image:height\" content=\"1294\" \/>\n\t<meta property=\"og:image:type\" content=\"image\/jpeg\" \/>\n<meta name=\"twitter:card\" content=\"summary_large_image\" \/>\n<meta name=\"twitter:label1\" content=\"Est. reading time\" \/>\n\t<meta name=\"twitter:data1\" content=\"10 minutes\" \/>\n<script type=\"application\/ld+json\" class=\"yoast-schema-graph\">{\"@context\":\"https:\\\/\\\/schema.org\",\"@graph\":[{\"@type\":\"WebPage\",\"@id\":\"https:\\\/\\\/www.lechaidesgrandsvins.com\\\/en\\\/pricavy-policy\\\/\",\"url\":\"https:\\\/\\\/www.lechaidesgrandsvins.com\\\/en\\\/pricavy-policy\\\/\",\"name\":\"Privacy Policy &#8226; Le Chai des Grands Vins\",\"isPartOf\":{\"@id\":\"https:\\\/\\\/www.lechaidesgrandsvins.com\\\/#website\"},\"datePublished\":\"2023-11-23T23:20:29+00:00\",\"dateModified\":\"2024-12-04T10:48:52+00:00\",\"breadcrumb\":{\"@id\":\"https:\\\/\\\/www.lechaidesgrandsvins.com\\\/en\\\/pricavy-policy\\\/#breadcrumb\"},\"inLanguage\":\"en-US\",\"potentialAction\":[{\"@type\":\"ReadAction\",\"target\":[\"https:\\\/\\\/www.lechaidesgrandsvins.com\\\/en\\\/pricavy-policy\\\/\"]}]},{\"@type\":\"BreadcrumbList\",\"@id\":\"https:\\\/\\\/www.lechaidesgrandsvins.com\\\/en\\\/pricavy-policy\\\/#breadcrumb\",\"itemListElement\":[{\"@type\":\"ListItem\",\"position\":1,\"name\":\"Accueil\",\"item\":\"https:\\\/\\\/www.lechaidesgrandsvins.com\\\/en\\\/\"},{\"@type\":\"ListItem\",\"position\":2,\"name\":\"Privacy Policy\"}]},{\"@type\":\"WebSite\",\"@id\":\"https:\\\/\\\/www.lechaidesgrandsvins.com\\\/#website\",\"url\":\"https:\\\/\\\/www.lechaidesgrandsvins.com\\\/\",\"name\":\"Le Chai des Grands Vins\",\"description\":\"Un lieu unique \u00e0 Bruxelles  : deux \u00e9tages et plus de 2 000 r\u00e9f\u00e9rences consacr\u00e9es au meilleur des vins, champagnes et spiritueux.\",\"publisher\":{\"@id\":\"https:\\\/\\\/www.lechaidesgrandsvins.com\\\/#organization\"},\"potentialAction\":[{\"@type\":\"SearchAction\",\"target\":{\"@type\":\"EntryPoint\",\"urlTemplate\":\"https:\\\/\\\/www.lechaidesgrandsvins.com\\\/?s={search_term_string}\"},\"query-input\":{\"@type\":\"PropertyValueSpecification\",\"valueRequired\":true,\"valueName\":\"search_term_string\"}}],\"inLanguage\":\"en-US\"},{\"@type\":\"Organization\",\"@id\":\"https:\\\/\\\/www.lechaidesgrandsvins.com\\\/#organization\",\"name\":\"Le Chai des Grands Vins\",\"url\":\"https:\\\/\\\/www.lechaidesgrandsvins.com\\\/\",\"logo\":{\"@type\":\"ImageObject\",\"inLanguage\":\"en-US\",\"@id\":\"https:\\\/\\\/www.lechaidesgrandsvins.com\\\/#\\\/schema\\\/logo\\\/image\\\/\",\"url\":\"https:\\\/\\\/www.lechaidesgrandsvins.com\\\/wp-content\\\/uploads\\\/2024\\\/09\\\/Logo-Chai-Des-Grands-Vins-Couleur-4.svg\",\"contentUrl\":\"https:\\\/\\\/www.lechaidesgrandsvins.com\\\/wp-content\\\/uploads\\\/2024\\\/09\\\/Logo-Chai-Des-Grands-Vins-Couleur-4.svg\",\"width\":\"1024\",\"height\":\"1024\",\"caption\":\"Le Chai des Grands Vins\"},\"image\":{\"@id\":\"https:\\\/\\\/www.lechaidesgrandsvins.com\\\/#\\\/schema\\\/logo\\\/image\\\/\"}}]}<\/script>\n<!-- \/ Yoast SEO plugin. -->","yoast_head_json":{"title":"Privacy Policy &#8226; Le Chai des Grands Vins","robots":{"index":"index","follow":"follow","max-snippet":"max-snippet:-1","max-image-preview":"max-image-preview:large","max-video-preview":"max-video-preview:-1"},"canonical":"https:\/\/www.lechaidesgrandsvins.com\/en\/pricavy-policy\/","og_locale":"en_US","og_type":"article","og_title":"Privacy Policy &#8226; Le Chai des Grands Vins","og_description":"About us Chai &amp; Bar is a public limited company having its registered office at Chauss\u00e9e de Waterloo 1469 \u2013 1180 Uccle \u2013 VAT number: BE0873.102.740. Via its website\u00a0www.lechaidesgrandsvins.com\u00a0, (hereinafter referred to as the \u201cWebsite\u201d) the company\u2019s activity consists in presenting online the ranges, offers and events of its store located at 1469 chauss\u00e9e de [&hellip;]","og_url":"https:\/\/www.lechaidesgrandsvins.com\/en\/pricavy-policy\/","og_site_name":"Le Chai des Grands Vins","article_modified_time":"2024-12-04T10:48:52+00:00","og_image":[{"width":1920,"height":1294,"url":"https:\/\/www.lechaidesgrandsvins.com\/wp-content\/uploads\/2024\/09\/CDGV_Photo-accueil-1.jpg","type":"image\/jpeg"}],"twitter_card":"summary_large_image","twitter_misc":{"Est. reading time":"10 minutes"},"schema":{"@context":"https:\/\/schema.org","@graph":[{"@type":"WebPage","@id":"https:\/\/www.lechaidesgrandsvins.com\/en\/pricavy-policy\/","url":"https:\/\/www.lechaidesgrandsvins.com\/en\/pricavy-policy\/","name":"Privacy Policy &#8226; Le Chai des Grands Vins","isPartOf":{"@id":"https:\/\/www.lechaidesgrandsvins.com\/#website"},"datePublished":"2023-11-23T23:20:29+00:00","dateModified":"2024-12-04T10:48:52+00:00","breadcrumb":{"@id":"https:\/\/www.lechaidesgrandsvins.com\/en\/pricavy-policy\/#breadcrumb"},"inLanguage":"en-US","potentialAction":[{"@type":"ReadAction","target":["https:\/\/www.lechaidesgrandsvins.com\/en\/pricavy-policy\/"]}]},{"@type":"BreadcrumbList","@id":"https:\/\/www.lechaidesgrandsvins.com\/en\/pricavy-policy\/#breadcrumb","itemListElement":[{"@type":"ListItem","position":1,"name":"Accueil","item":"https:\/\/www.lechaidesgrandsvins.com\/en\/"},{"@type":"ListItem","position":2,"name":"Privacy Policy"}]},{"@type":"WebSite","@id":"https:\/\/www.lechaidesgrandsvins.com\/#website","url":"https:\/\/www.lechaidesgrandsvins.com\/","name":"Le Chai des Grands Vins","description":"Un lieu unique \u00e0 Bruxelles  : deux \u00e9tages et plus de 2 000 r\u00e9f\u00e9rences consacr\u00e9es au meilleur des vins, champagnes et spiritueux.","publisher":{"@id":"https:\/\/www.lechaidesgrandsvins.com\/#organization"},"potentialAction":[{"@type":"SearchAction","target":{"@type":"EntryPoint","urlTemplate":"https:\/\/www.lechaidesgrandsvins.com\/?s={search_term_string}"},"query-input":{"@type":"PropertyValueSpecification","valueRequired":true,"valueName":"search_term_string"}}],"inLanguage":"en-US"},{"@type":"Organization","@id":"https:\/\/www.lechaidesgrandsvins.com\/#organization","name":"Le Chai des Grands Vins","url":"https:\/\/www.lechaidesgrandsvins.com\/","logo":{"@type":"ImageObject","inLanguage":"en-US","@id":"https:\/\/www.lechaidesgrandsvins.com\/#\/schema\/logo\/image\/","url":"https:\/\/www.lechaidesgrandsvins.com\/wp-content\/uploads\/2024\/09\/Logo-Chai-Des-Grands-Vins-Couleur-4.svg","contentUrl":"https:\/\/www.lechaidesgrandsvins.com\/wp-content\/uploads\/2024\/09\/Logo-Chai-Des-Grands-Vins-Couleur-4.svg","width":"1024","height":"1024","caption":"Le Chai des Grands Vins"},"image":{"@id":"https:\/\/www.lechaidesgrandsvins.com\/#\/schema\/logo\/image\/"}}]}},"_links":{"self":[{"href":"https:\/\/www.lechaidesgrandsvins.com\/en\/wp-json\/wp\/v2\/pages\/15888","targetHints":{"allow":["GET"]}}],"collection":[{"href":"https:\/\/www.lechaidesgrandsvins.com\/en\/wp-json\/wp\/v2\/pages"}],"about":[{"href":"https:\/\/www.lechaidesgrandsvins.com\/en\/wp-json\/wp\/v2\/types\/page"}],"author":[{"embeddable":true,"href":"https:\/\/www.lechaidesgrandsvins.com\/en\/wp-json\/wp\/v2\/users\/1"}],"replies":[{"embeddable":true,"href":"https:\/\/www.lechaidesgrandsvins.com\/en\/wp-json\/wp\/v2\/comments?post=15888"}],"version-history":[{"count":3,"href":"https:\/\/www.lechaidesgrandsvins.com\/en\/wp-json\/wp\/v2\/pages\/15888\/revisions"}],"predecessor-version":[{"id":15904,"href":"https:\/\/www.lechaidesgrandsvins.com\/en\/wp-json\/wp\/v2\/pages\/15888\/revisions\/15904"}],"wp:attachment":[{"href":"https:\/\/www.lechaidesgrandsvins.com\/en\/wp-json\/wp\/v2\/media?parent=15888"}],"curies":[{"name":"wp","href":"https:\/\/api.w.org\/{rel}","templated":true}]}}