{"id":15910,"date":"2023-10-18T12:56:31","date_gmt":"2023-10-18T10:56:31","guid":{"rendered":"https:\/\/www.lechaidesgrandsvins.com\/legal-notice\/"},"modified":"2024-12-04T12:06:00","modified_gmt":"2024-12-04T11:06:00","slug":"legal-notice","status":"publish","type":"page","link":"https:\/\/www.lechaidesgrandsvins.com\/nl\/legal-notice\/","title":{"rendered":"Legal notice"},"content":{"rendered":"<h2>Uitgever<\/h2>\n<p>Chai &amp; Bar, een naamloze vennootschap met maatschappelijke zetel te Waterloolaan 1469, 1180 Ukkel, met ondernemingsnummer: BE0873.102.740<\/p>\n<h2>Verantwoordelijke voor publicatie<\/h2>\n<p>De verantwoordelijke voor de publicatie van de website is dhr. Jean Moueix in zijn hoedanigheid als algemeen directeur van de firma DUCLOT en voorzitter van de vennootschap Chai &amp; Bar.<br \/>\nE-mail: contact@cdgv.be<br \/>\nTelefoon: 02 375 46 36<\/p>\n<h2>Ontwerp<\/h2>\n<p>Studio Dada<\/p>\n<h2>Hosting<\/h2>\n<p>De serviceprovider voor hosting en directe en permanente opslag is Amazon Web Services, gevestigd op het adres 31 pl Corolles, Courbevoie, Frankrijk. De website wordt gehost op servers binnen de Europese Unie.<\/p>\n<h2>Tekst<\/h2>\n<p>Firma Duclot<\/p>\n<h2>Foto\u2019s<\/h2>\n<p>Firma Duclot<\/p>\n","protected":false},"excerpt":{"rendered":"Uitgever Chai &amp; Bar, een naamloze vennootschap met maatschappelijke zetel te Waterloolaan 1469, 1180 Ukkel, met ondernemingsnummer: BE0873.102.740 Verantwoordelijke voor publicatie De verantwoordelijke voor de publicatie van de website is dhr. Jean Moueix in zijn hoedanigheid als algemeen directeur van de firma DUCLOT en voorzitter van de vennootschap Chai &amp; Bar. E-mail: contact@cdgv.be Telefoon: 02 [&hellip;]","protected":false},"author":1,"featured_media":0,"parent":0,"menu_order":0,"comment_status":"closed","ping_status":"closed","template":"","meta":{"_acf_changed":false,"footnotes":""},"class_list":["post-15910","page","type-page","status-publish","hentry"],"acf":[],"yoast_head":"<!-- This site is optimized with the Yoast SEO plugin v27.5 - https:\/\/yoast.com\/product\/yoast-seo-wordpress\/ -->\n<title>Legal notice &#8226; Le Chai des Grands Vins<\/title>\n<meta name=\"description\" content=\"Le Chai des Grands Vins regorge de tr\u00e9sors \u00e0 d\u00e9couvrir. Novice ou connaisseur, notre \u00e9quipe se fera un plaisir de vous guider dans vos choix.\" \/>\n<meta name=\"robots\" content=\"index, follow, max-snippet:-1, max-image-preview:large, max-video-preview:-1\" \/>\n<link rel=\"canonical\" href=\"https:\/\/www.lechaidesgrandsvins.com\/nl\/legal-notice\/\" \/>\n<meta property=\"og:locale\" content=\"nl_NL\" \/>\n<meta property=\"og:type\" content=\"article\" \/>\n<meta property=\"og:title\" content=\"Legal notice &#8226; Le Chai des Grands Vins\" \/>\n<meta property=\"og:description\" content=\"Le Chai des Grands Vins regorge de tr\u00e9sors \u00e0 d\u00e9couvrir. Novice ou connaisseur, notre \u00e9quipe se fera un plaisir de vous guider dans vos choix.\" \/>\n<meta property=\"og:url\" content=\"https:\/\/www.lechaidesgrandsvins.com\/nl\/legal-notice\/\" \/>\n<meta property=\"og:site_name\" content=\"Le Chai des Grands Vins\" \/>\n<meta property=\"article:modified_time\" content=\"2024-12-04T11:06:00+00:00\" \/>\n<meta property=\"og:image\" content=\"https:\/\/www.lechaidesgrandsvins.com\/wp-content\/uploads\/2024\/09\/CDGV_Photo-accueil-1.jpg\" \/>\n\t<meta property=\"og:image:width\" content=\"1920\" \/>\n\t<meta property=\"og:image:height\" content=\"1294\" \/>\n\t<meta property=\"og:image:type\" content=\"image\/jpeg\" \/>\n<meta name=\"twitter:card\" content=\"summary_large_image\" \/>\n<meta name=\"twitter:label1\" content=\"Geschatte leestijd\" \/>\n\t<meta name=\"twitter:data1\" content=\"1 minuut\" \/>\n<script type=\"application\/ld+json\" class=\"yoast-schema-graph\">{\"@context\":\"https:\\\/\\\/schema.org\",\"@graph\":[{\"@type\":\"WebPage\",\"@id\":\"https:\\\/\\\/www.lechaidesgrandsvins.com\\\/nl\\\/legal-notice\\\/\",\"url\":\"https:\\\/\\\/www.lechaidesgrandsvins.com\\\/nl\\\/legal-notice\\\/\",\"name\":\"Legal notice &#8226; Le Chai des Grands Vins\",\"isPartOf\":{\"@id\":\"https:\\\/\\\/www.lechaidesgrandsvins.com\\\/#website\"},\"datePublished\":\"2023-10-18T10:56:31+00:00\",\"dateModified\":\"2024-12-04T11:06:00+00:00\",\"description\":\"Le Chai des Grands Vins regorge de tr\u00e9sors \u00e0 d\u00e9couvrir. Novice ou connaisseur, notre \u00e9quipe se fera un plaisir de vous guider dans vos choix.\",\"breadcrumb\":{\"@id\":\"https:\\\/\\\/www.lechaidesgrandsvins.com\\\/nl\\\/legal-notice\\\/#breadcrumb\"},\"inLanguage\":\"nl-NL\",\"potentialAction\":[{\"@type\":\"ReadAction\",\"target\":[\"https:\\\/\\\/www.lechaidesgrandsvins.com\\\/nl\\\/legal-notice\\\/\"]}]},{\"@type\":\"BreadcrumbList\",\"@id\":\"https:\\\/\\\/www.lechaidesgrandsvins.com\\\/nl\\\/legal-notice\\\/#breadcrumb\",\"itemListElement\":[{\"@type\":\"ListItem\",\"position\":1,\"name\":\"Accueil\",\"item\":\"https:\\\/\\\/www.lechaidesgrandsvins.com\\\/nl\\\/\"},{\"@type\":\"ListItem\",\"position\":2,\"name\":\"Legal notice\"}]},{\"@type\":\"WebSite\",\"@id\":\"https:\\\/\\\/www.lechaidesgrandsvins.com\\\/#website\",\"url\":\"https:\\\/\\\/www.lechaidesgrandsvins.com\\\/\",\"name\":\"Le Chai des Grands Vins\",\"description\":\"Un lieu unique \u00e0 Bruxelles  : deux \u00e9tages et plus de 2 000 r\u00e9f\u00e9rences consacr\u00e9es au meilleur des vins, champagnes et spiritueux.\",\"publisher\":{\"@id\":\"https:\\\/\\\/www.lechaidesgrandsvins.com\\\/#organization\"},\"potentialAction\":[{\"@type\":\"SearchAction\",\"target\":{\"@type\":\"EntryPoint\",\"urlTemplate\":\"https:\\\/\\\/www.lechaidesgrandsvins.com\\\/?s={search_term_string}\"},\"query-input\":{\"@type\":\"PropertyValueSpecification\",\"valueRequired\":true,\"valueName\":\"search_term_string\"}}],\"inLanguage\":\"nl-NL\"},{\"@type\":\"Organization\",\"@id\":\"https:\\\/\\\/www.lechaidesgrandsvins.com\\\/#organization\",\"name\":\"Le Chai des Grands Vins\",\"url\":\"https:\\\/\\\/www.lechaidesgrandsvins.com\\\/\",\"logo\":{\"@type\":\"ImageObject\",\"inLanguage\":\"nl-NL\",\"@id\":\"https:\\\/\\\/www.lechaidesgrandsvins.com\\\/#\\\/schema\\\/logo\\\/image\\\/\",\"url\":\"https:\\\/\\\/www.lechaidesgrandsvins.com\\\/wp-content\\\/uploads\\\/2024\\\/09\\\/Logo-Chai-Des-Grands-Vins-Couleur-4.svg\",\"contentUrl\":\"https:\\\/\\\/www.lechaidesgrandsvins.com\\\/wp-content\\\/uploads\\\/2024\\\/09\\\/Logo-Chai-Des-Grands-Vins-Couleur-4.svg\",\"width\":\"1024\",\"height\":\"1024\",\"caption\":\"Le Chai des Grands Vins\"},\"image\":{\"@id\":\"https:\\\/\\\/www.lechaidesgrandsvins.com\\\/#\\\/schema\\\/logo\\\/image\\\/\"}}]}<\/script>\n<!-- \/ Yoast SEO plugin. -->","yoast_head_json":{"title":"Legal notice &#8226; Le Chai des Grands Vins","description":"Le Chai des Grands Vins regorge de tr\u00e9sors \u00e0 d\u00e9couvrir. Novice ou connaisseur, notre \u00e9quipe se fera un plaisir de vous guider dans vos choix.","robots":{"index":"index","follow":"follow","max-snippet":"max-snippet:-1","max-image-preview":"max-image-preview:large","max-video-preview":"max-video-preview:-1"},"canonical":"https:\/\/www.lechaidesgrandsvins.com\/nl\/legal-notice\/","og_locale":"nl_NL","og_type":"article","og_title":"Legal notice &#8226; Le Chai des Grands Vins","og_description":"Le Chai des Grands Vins regorge de tr\u00e9sors \u00e0 d\u00e9couvrir. Novice ou connaisseur, notre \u00e9quipe se fera un plaisir de vous guider dans vos choix.","og_url":"https:\/\/www.lechaidesgrandsvins.com\/nl\/legal-notice\/","og_site_name":"Le Chai des Grands Vins","article_modified_time":"2024-12-04T11:06:00+00:00","og_image":[{"width":1920,"height":1294,"url":"https:\/\/www.lechaidesgrandsvins.com\/wp-content\/uploads\/2024\/09\/CDGV_Photo-accueil-1.jpg","type":"image\/jpeg"}],"twitter_card":"summary_large_image","twitter_misc":{"Geschatte leestijd":"1 minuut"},"schema":{"@context":"https:\/\/schema.org","@graph":[{"@type":"WebPage","@id":"https:\/\/www.lechaidesgrandsvins.com\/nl\/legal-notice\/","url":"https:\/\/www.lechaidesgrandsvins.com\/nl\/legal-notice\/","name":"Legal notice &#8226; Le Chai des Grands Vins","isPartOf":{"@id":"https:\/\/www.lechaidesgrandsvins.com\/#website"},"datePublished":"2023-10-18T10:56:31+00:00","dateModified":"2024-12-04T11:06:00+00:00","description":"Le Chai des Grands Vins regorge de tr\u00e9sors \u00e0 d\u00e9couvrir. Novice ou connaisseur, notre \u00e9quipe se fera un plaisir de vous guider dans vos choix.","breadcrumb":{"@id":"https:\/\/www.lechaidesgrandsvins.com\/nl\/legal-notice\/#breadcrumb"},"inLanguage":"nl-NL","potentialAction":[{"@type":"ReadAction","target":["https:\/\/www.lechaidesgrandsvins.com\/nl\/legal-notice\/"]}]},{"@type":"BreadcrumbList","@id":"https:\/\/www.lechaidesgrandsvins.com\/nl\/legal-notice\/#breadcrumb","itemListElement":[{"@type":"ListItem","position":1,"name":"Accueil","item":"https:\/\/www.lechaidesgrandsvins.com\/nl\/"},{"@type":"ListItem","position":2,"name":"Legal notice"}]},{"@type":"WebSite","@id":"https:\/\/www.lechaidesgrandsvins.com\/#website","url":"https:\/\/www.lechaidesgrandsvins.com\/","name":"Le Chai des Grands Vins","description":"Un lieu unique \u00e0 Bruxelles  : deux \u00e9tages et plus de 2 000 r\u00e9f\u00e9rences consacr\u00e9es au meilleur des vins, champagnes et spiritueux.","publisher":{"@id":"https:\/\/www.lechaidesgrandsvins.com\/#organization"},"potentialAction":[{"@type":"SearchAction","target":{"@type":"EntryPoint","urlTemplate":"https:\/\/www.lechaidesgrandsvins.com\/?s={search_term_string}"},"query-input":{"@type":"PropertyValueSpecification","valueRequired":true,"valueName":"search_term_string"}}],"inLanguage":"nl-NL"},{"@type":"Organization","@id":"https:\/\/www.lechaidesgrandsvins.com\/#organization","name":"Le Chai des Grands Vins","url":"https:\/\/www.lechaidesgrandsvins.com\/","logo":{"@type":"ImageObject","inLanguage":"nl-NL","@id":"https:\/\/www.lechaidesgrandsvins.com\/#\/schema\/logo\/image\/","url":"https:\/\/www.lechaidesgrandsvins.com\/wp-content\/uploads\/2024\/09\/Logo-Chai-Des-Grands-Vins-Couleur-4.svg","contentUrl":"https:\/\/www.lechaidesgrandsvins.com\/wp-content\/uploads\/2024\/09\/Logo-Chai-Des-Grands-Vins-Couleur-4.svg","width":"1024","height":"1024","caption":"Le Chai des Grands Vins"},"image":{"@id":"https:\/\/www.lechaidesgrandsvins.com\/#\/schema\/logo\/image\/"}}]}},"_links":{"self":[{"href":"https:\/\/www.lechaidesgrandsvins.com\/nl\/wp-json\/wp\/v2\/pages\/15910","targetHints":{"allow":["GET"]}}],"collection":[{"href":"https:\/\/www.lechaidesgrandsvins.com\/nl\/wp-json\/wp\/v2\/pages"}],"about":[{"href":"https:\/\/www.lechaidesgrandsvins.com\/nl\/wp-json\/wp\/v2\/types\/page"}],"author":[{"embeddable":true,"href":"https:\/\/www.lechaidesgrandsvins.com\/nl\/wp-json\/wp\/v2\/users\/1"}],"replies":[{"embeddable":true,"href":"https:\/\/www.lechaidesgrandsvins.com\/nl\/wp-json\/wp\/v2\/comments?post=15910"}],"version-history":[{"count":1,"href":"https:\/\/www.lechaidesgrandsvins.com\/nl\/wp-json\/wp\/v2\/pages\/15910\/revisions"}],"predecessor-version":[{"id":15911,"href":"https:\/\/www.lechaidesgrandsvins.com\/nl\/wp-json\/wp\/v2\/pages\/15910\/revisions\/15911"}],"wp:attachment":[{"href":"https:\/\/www.lechaidesgrandsvins.com\/nl\/wp-json\/wp\/v2\/media?parent=15910"}],"curies":[{"name":"wp","href":"https:\/\/api.w.org\/{rel}","templated":true}]}}